{"id":14,"date":"2023-06-02T20:48:10","date_gmt":"2023-06-02T18:48:10","guid":{"rendered":"https:\/\/kcf.se\/kampanj\/?page_id=14"},"modified":"2024-10-11T11:34:27","modified_gmt":"2024-10-11T09:34:27","slug":"kollegorna","status":"publish","type":"page","link":"https:\/\/www.kcf.se\/jobb\/kollegorna\/","title":{"rendered":"M\u00f6t kollegorna"},"content":{"rendered":"<div class=\"block-core-heading container\"><div class=\"row justify-content-md-center\"><div class=\"col-12 col-md-8\">\n<h1 class=\"wp-block-heading has-text-align-center\">Bli en av oss<\/h1>\n<\/div><\/div><\/div>\n\n<div class=\"block-core-paragraph container\"><div class=\"row justify-content-md-center\"><div class=\"col-12 col-md-8\">\n<p class=\"has-text-align-center\"><\/p>\n<\/div><\/div><\/div>\n\n<div class=\"c-blockVideo container-fluid \">\n    <div class=\"row justify-content-md-center\">\n        <div class=\"video-area col-12 col-md-8\">\n                            <div class=\"overlay\" style=\"background-image: url(https:\/\/www.kcf.se\/app\/uploads\/sites\/2\/2023\/06\/Ayub_Stillbild_1050-x-443-pxl.jpg)\">\n                    <div class=\"video-content\">\n                        <h2>M\u00f6t Ayub<\/h2>\n                        <button class=\"play-btn \"><img decoding=\"async\" src=\"https:\/\/www.kcf.se\/app\/themes\/kampanj\/dist\/images\/icon_play.svg?id=45472b60aaede96839ee89e6702f5014\"\n                                alt=\"Play icon\"><\/button>\n                    <\/div>\n                <\/div>\n            \n            <div class=\"embed-container\">\n                <iframe loading=\"lazy\" title=\"KCF \u2013\u00a0Ayub Mousa\" width=\"640\" height=\"360\" src=\"https:\/\/www.youtube.com\/embed\/HVtDedC7ny4?feature=oembed&#038;cc_load_policy=1&#038;rel=0\" frameborder=\"0\" allow=\"accelerometer; autoplay; clipboard-write; encrypted-media; gyroscope; picture-in-picture; web-share\" referrerpolicy=\"strict-origin-when-cross-origin\" allowfullscreen><\/iframe>\n            <\/div>\n        <\/div>\n    <\/div>\n            <div class=\"row justify-content-md-center\">\n            <div class=\"video-area__textarea col-12 col-md-6\">\n                <h3 class=\"wp-block-heading has-text-align-center\">Ayub Mousa,<\/h3>\n<h4 class=\"wp-block-heading has-text-align-center\">Styckare p\u00e5 KLS<\/h4>\n<p>&nbsp;<\/p>\n<p><strong>Kunde du flytande svenska n\u00e4r du b\u00f6rjade p\u00e5 KLS?<br \/>\n<\/strong>\u2013 Nej, det kunde jag inte. N\u00e4r jag kom till Sverige gick jag p\u00e5 SFI en dag i veckan men jag har l\u00e4rt mig svenska spr\u00e5ket mest genom jobbet.<\/p>\n<p><strong>Vad \u00e4r det b\u00e4sta med ditt jobb?<br \/>\n<\/strong>\u2013 Att jag utvecklas och l\u00e4r mig nya saker hela tiden. Har man viljan finns det stora m\u00f6jligheter att kl\u00e4ttra inom f\u00f6retaget. Min dr\u00f6m \u00e4r att bli chef i framtiden!<\/p>\n<p><strong>Hur kom du in i branschen?<br \/>\n<\/strong>\u2013 Jag har alltid haft ett stort intresse f\u00f6r mat och var nyfiken p\u00e5 branschen s\u00e5 jag s\u00f6kte jobb som l\u00e4rling p\u00e5 KLS i Ugglarp och gick en utbildning p\u00e5 fem m\u00e5nader.<\/p>\n<p>&nbsp;<\/p>\n\n            <\/div>\n        <\/div>\n    <\/div>\n\n\n<div class=\"c-blockVideo container-fluid \">\n    <div class=\"row justify-content-md-center\">\n        <div class=\"video-area col-12 col-md-8\">\n                            <div class=\"overlay\" style=\"background-image: url(https:\/\/www.kcf.se\/app\/uploads\/sites\/2\/2024\/10\/Hanna_kcf_final.jpg)\">\n                    <div class=\"video-content\">\n                        <h2>M\u00f6t Hanna<\/h2>\n                        <button class=\"play-btn \"><img decoding=\"async\" src=\"https:\/\/www.kcf.se\/app\/themes\/kampanj\/dist\/images\/icon_play.svg?id=45472b60aaede96839ee89e6702f5014\"\n                                alt=\"Play icon\"><\/button>\n                    <\/div>\n                <\/div>\n            \n            <div class=\"embed-container\">\n                <iframe loading=\"lazy\" title=\"KCF \u2013 Hanna Kalinichenko\" width=\"640\" height=\"360\" src=\"https:\/\/www.youtube.com\/embed\/TVEoh873EaY?feature=oembed&#038;cc_load_policy=1&#038;rel=0\" frameborder=\"0\" allow=\"accelerometer; autoplay; clipboard-write; encrypted-media; gyroscope; picture-in-picture; web-share\" referrerpolicy=\"strict-origin-when-cross-origin\" allowfullscreen><\/iframe>\n            <\/div>\n        <\/div>\n    <\/div>\n            <div class=\"row justify-content-md-center\">\n            <div class=\"video-area__textarea col-12 col-md-6\">\n                <h3 class=\"wp-block-heading has-text-align-center\">Hanna Kalinichenko,<\/h3>\n<h4 class=\"wp-block-heading has-text-align-center\">Livsmedelsarbetare p\u00e5 KLS<\/h4>\n<p>&nbsp;<\/p>\n<p><strong>Vad har jobbet betytt f\u00f6r dig?<br \/>\n<\/strong>\u2013 N\u00e4r jag kom till Sverige fr\u00e5n Ukraina var jag tr\u00f6tt, stressad och kunde inte svenska. Jobbet blev en v\u00e4g in i samh\u00e4llet f\u00f6r mig och en plats d\u00e4r jag f\u00e5r \u00f6va p\u00e5 spr\u00e5ket varje dag.<\/p>\n<p><strong>Hur var det i b\u00f6rjan?<br \/>\n<\/strong>\u2013 Det var sv\u00e5rt att inte f\u00f6rst\u00e5 och jag var r\u00e4dd f\u00f6r att s\u00e4ga fel, men det gick bra. Jag l\u00e4r mig l\u00e4ngs v\u00e4gen och mycket g\u00e5r att visa med kroppsspr\u00e5ket \u00e4ven om vi inte talar samma spr\u00e5k.<\/p>\n<p><strong>Vad \u00e4r ditt r\u00e5d till andra som s\u00f6ker jobb?<br \/>\n<\/strong>\u2013 Du beh\u00f6ver inte vara r\u00e4dd, du kan ocks\u00e5 v\u00e5ga! M\u00e4nniskorna h\u00e4r j\u00e4ttesn\u00e4lla och kommer att hj\u00e4lpa dig.<\/p>\n\n            <\/div>\n        <\/div>\n    <\/div>\n\n\n<div class=\"c-blockVideo container-fluid \">\n    <div class=\"row justify-content-md-center\">\n        <div class=\"video-area col-12 col-md-8\">\n                            <div class=\"overlay\" style=\"background-image: url(https:\/\/www.kcf.se\/app\/uploads\/sites\/2\/2023\/06\/Chonlada_Stillbild_1050-x-443-pxl.jpg)\">\n                    <div class=\"video-content\">\n                        <h2>M\u00f6t Chonlada<\/h2>\n                        <button class=\"play-btn \"><img decoding=\"async\" src=\"https:\/\/www.kcf.se\/app\/themes\/kampanj\/dist\/images\/icon_play.svg?id=45472b60aaede96839ee89e6702f5014\"\n                                alt=\"Play icon\"><\/button>\n                    <\/div>\n                <\/div>\n            \n            <div class=\"embed-container\">\n                <iframe loading=\"lazy\" title=\"KCF \u2013 Chonlada Thongphot\" width=\"640\" height=\"360\" src=\"https:\/\/www.youtube.com\/embed\/5mDcy706e3w?feature=oembed&#038;cc_load_policy=1&#038;rel=0\" frameborder=\"0\" allow=\"accelerometer; autoplay; clipboard-write; encrypted-media; gyroscope; picture-in-picture; web-share\" referrerpolicy=\"strict-origin-when-cross-origin\" allowfullscreen><\/iframe>\n            <\/div>\n        <\/div>\n    <\/div>\n            <div class=\"row justify-content-md-center\">\n            <div class=\"video-area__textarea col-12 col-md-6\">\n                <h3 style=\"text-align: center\">Chonlada Thongphot Zander,<\/h3>\n<h4 style=\"text-align: center\">Tv\u00e4tteriarbetare p\u00e5 Gudruns<\/h4>\n<p>&nbsp;<\/p>\n<p><strong>Hur fick du jobb p\u00e5 Gudruns?<br \/>\n<\/strong>\u2013 Jag fick tips av en v\u00e4n om att de beh\u00f6vde n\u00e5gon som kunde sk\u00f6ta om och tv\u00e4tta allas arbetskl\u00e4der. S\u00e5 d\u00e5 kontaktade jag Gudruns och skickade in en ans\u00f6kan. Nu har jag jobbat h\u00e4r sedan 2016.<\/p>\n<p><strong>Har du f\u00e5tt utbildning p\u00e5 plats?<br \/>\n<\/strong>\u2013 Ja, jag har tagit truckk\u00f6rkort. Det var en utbildning p\u00e5 tv\u00e5 dagar med b\u00e5de teori och k\u00f6rning. Det fungerade j\u00e4ttebra och var kul!<\/p>\n<p><strong>Viktigaste egenskapen att ha f\u00f6r att jobba inom k\u00f6tt- och charkbranschen?<br \/>\n<\/strong>\u2013 Att man \u00e4r noggrann och engagerad. \u00c4r det n\u00e5got man inte kan eller f\u00f6rst\u00e5r \u00e4r det viktigt att man v\u00e5gar fr\u00e5ga s\u00e5 l\u00f6ser det sig alltid!<\/p>\n<p>&nbsp;<\/p>\n\n            <\/div>\n        <\/div>\n    <\/div>\n\n\n<div class=\"c-blockVideo container-fluid \">\n    <div class=\"row justify-content-md-center\">\n        <div class=\"video-area col-12 col-md-8\">\n                            <div class=\"overlay\" style=\"background-image: url(https:\/\/www.kcf.se\/app\/uploads\/sites\/2\/2023\/07\/peter_videothumbnail.jpg)\">\n                    <div class=\"video-content\">\n                        <h2>M\u00f6t Peter<\/h2>\n                        <button class=\"play-btn \"><img decoding=\"async\" src=\"https:\/\/www.kcf.se\/app\/themes\/kampanj\/dist\/images\/icon_play.svg?id=45472b60aaede96839ee89e6702f5014\"\n                                alt=\"Play icon\"><\/button>\n                    <\/div>\n                <\/div>\n            \n            <div class=\"embed-container\">\n                <iframe loading=\"lazy\" title=\"KCF \u2013 Peter Beniyamin\" width=\"640\" height=\"360\" src=\"https:\/\/www.youtube.com\/embed\/H43E_CwaLss?feature=oembed&#038;cc_load_policy=1&#038;rel=0\" frameborder=\"0\" allow=\"accelerometer; autoplay; clipboard-write; encrypted-media; gyroscope; picture-in-picture; web-share\" referrerpolicy=\"strict-origin-when-cross-origin\" allowfullscreen><\/iframe>\n            <\/div>\n        <\/div>\n    <\/div>\n            <div class=\"row justify-content-md-center\">\n            <div class=\"video-area__textarea col-12 col-md-6\">\n                <h3 style=\"text-align: center\">Peter Beniyamin,<\/h3>\n<h4 style=\"text-align: center\">Produktionsledare p\u00e5 Hilton foods<\/h4>\n<p>&nbsp;<\/p>\n<p><strong>Vad \u00e4r din roll p\u00e5 Hilton foods?<\/strong><br \/>\n\u2013 Jag jobbar som produktionsledare f\u00f6r Team sliced och har ansvar f\u00f6r 80 personer \u00e5ret runt. Vi skivar allt k\u00f6tt \u2013 kotlett, ytterfil\u00e9, oxfil\u00e9, flankstek, och s\u00e5 g\u00f6r vi f\u00e4rs och hamburgare.<\/p>\n<p><strong>Vad \u00e4r det b\u00e4sta med branschen?<\/strong><br \/>\n\u2013 Det b\u00e4sta \u00e4r att man kan v\u00e4xa och utvecklas som person om man vill. Man jobbar alltid i grupp och med v\u00e4ldigt olika typer av m\u00e4nniskor vilket jag tycker \u00e4r v\u00e4ldigt kul!<\/p>\n<p><strong>Hur har din resa sett ut p\u00e5 Hilton Foods?<\/strong><br \/>\n\u2013 Efter gymnasiet visste jag inte vad jag skulle g\u00f6ra, jag ville jobba och tj\u00e4na pengar. Jag s\u00f6kte jobb h\u00e4r p\u00e5 Hilton Foods och sedan dess har jag jobbat h\u00e4r, det blir 18 \u00e5r nu och jag trivs j\u00e4ttebra!<\/p>\n<p>&nbsp;<\/p>\n\n            <\/div>\n        <\/div>\n    <\/div>\n\n\n<div class=\"c-buttons\" style=\"background-color: unset\">\n    <div class=\"container\">\n        <div class=\"row justify-content-md-center\">\n            <div class=\"button-container col-12 col-md-8\">\n                                                                                        <a href=\"https:\/\/www.kcf.se\/jobb\/vagen-till-jobb\/\" target=\"\"\n                                class=\"theme-btn\">V\u00e4gen till jobb<\/a>\n                                                                                                <a href=\"https:\/\/www.kcf.se\/jobb\/har-finns-jobben\/\" target=\"\"\n                                class=\"theme-btn\">H\u00e4r finns jobben<\/a>\n                                                                        <\/div>\n        <\/div>\n    <\/div>\n<\/div>\n","protected":false},"excerpt":{"rendered":"<p>Bli en av oss<\/p>\n","protected":false},"author":8,"featured_media":0,"parent":0,"menu_order":0,"comment_status":"closed","ping_status":"closed","template":"","meta":{"_acf_changed":false,"inline_featured_image":false,"footnotes":""},"class_list":["post-14","page","type-page","status-publish","hentry"],"acf":[],"yoast_head":"<!-- This site is optimized with the Yoast SEO plugin v24.1 - https:\/\/yoast.com\/wordpress\/plugins\/seo\/ -->\n<title>M\u00f6t kollegorna - KCF - Jobba i v\u00e5r branch<\/title>\n<meta name=\"robots\" content=\"index, follow, max-snippet:-1, max-image-preview:large, max-video-preview:-1\" \/>\n<link rel=\"canonical\" href=\"https:\/\/kcf.se\/jobb\/kollegorna\/\" \/>\n<meta property=\"og:locale\" content=\"sv_SE\" \/>\n<meta property=\"og:type\" content=\"article\" \/>\n<meta property=\"og:title\" content=\"M\u00f6t kollegorna - KCF - Jobba i v\u00e5r branch\" \/>\n<meta property=\"og:description\" content=\"Bli en av oss\" \/>\n<meta property=\"og:url\" content=\"https:\/\/kcf.se\/jobb\/kollegorna\/\" \/>\n<meta property=\"og:site_name\" content=\"KCF - Jobba i v\u00e5r branch\" \/>\n<meta property=\"article:modified_time\" content=\"2024-10-11T09:34:27+00:00\" \/>\n<meta name=\"twitter:card\" content=\"summary_large_image\" \/>\n<meta name=\"twitter:label1\" content=\"Ber\u00e4knad l\u00e4stid\" \/>\n\t<meta name=\"twitter:data1\" content=\"1 minut\" \/>\n<script type=\"application\/ld+json\" class=\"yoast-schema-graph\">{\"@context\":\"https:\/\/schema.org\",\"@graph\":[{\"@type\":\"WebPage\",\"@id\":\"https:\/\/kcf.se\/jobb\/kollegorna\/\",\"url\":\"https:\/\/kcf.se\/jobb\/kollegorna\/\",\"name\":\"M\u00f6t kollegorna - KCF - Jobba i v\u00e5r branch\",\"isPartOf\":{\"@id\":\"https:\/\/kcf.se\/jobb\/#website\"},\"datePublished\":\"2023-06-02T18:48:10+00:00\",\"dateModified\":\"2024-10-11T09:34:27+00:00\",\"breadcrumb\":{\"@id\":\"https:\/\/kcf.se\/jobb\/kollegorna\/#breadcrumb\"},\"inLanguage\":\"sv-SE\",\"potentialAction\":[{\"@type\":\"ReadAction\",\"target\":[\"https:\/\/kcf.se\/jobb\/kollegorna\/\"]}]},{\"@type\":\"BreadcrumbList\",\"@id\":\"https:\/\/kcf.se\/jobb\/kollegorna\/#breadcrumb\",\"itemListElement\":[{\"@type\":\"ListItem\",\"position\":1,\"name\":\"Hem\",\"item\":\"https:\/\/kcf.se\/jobb\/\"},{\"@type\":\"ListItem\",\"position\":2,\"name\":\"M\u00f6t kollegorna\"}]},{\"@type\":\"WebSite\",\"@id\":\"https:\/\/kcf.se\/jobb\/#website\",\"url\":\"https:\/\/kcf.se\/jobb\/\",\"name\":\"KCF - Jobba i v\u00e5r branch\",\"description\":\"\",\"potentialAction\":[{\"@type\":\"SearchAction\",\"target\":{\"@type\":\"EntryPoint\",\"urlTemplate\":\"https:\/\/kcf.se\/jobb\/?s={search_term_string}\"},\"query-input\":{\"@type\":\"PropertyValueSpecification\",\"valueRequired\":true,\"valueName\":\"search_term_string\"}}],\"inLanguage\":\"sv-SE\"}]}<\/script>\n<!-- \/ Yoast SEO plugin. -->","yoast_head_json":{"title":"M\u00f6t kollegorna - KCF - Jobba i v\u00e5r branch","robots":{"index":"index","follow":"follow","max-snippet":"max-snippet:-1","max-image-preview":"max-image-preview:large","max-video-preview":"max-video-preview:-1"},"canonical":"https:\/\/kcf.se\/jobb\/kollegorna\/","og_locale":"sv_SE","og_type":"article","og_title":"M\u00f6t kollegorna - KCF - Jobba i v\u00e5r branch","og_description":"Bli en av oss","og_url":"https:\/\/kcf.se\/jobb\/kollegorna\/","og_site_name":"KCF - Jobba i v\u00e5r branch","article_modified_time":"2024-10-11T09:34:27+00:00","twitter_card":"summary_large_image","twitter_misc":{"Ber\u00e4knad l\u00e4stid":"1 minut"},"schema":{"@context":"https:\/\/schema.org","@graph":[{"@type":"WebPage","@id":"https:\/\/kcf.se\/jobb\/kollegorna\/","url":"https:\/\/kcf.se\/jobb\/kollegorna\/","name":"M\u00f6t kollegorna - KCF - Jobba i v\u00e5r branch","isPartOf":{"@id":"https:\/\/kcf.se\/jobb\/#website"},"datePublished":"2023-06-02T18:48:10+00:00","dateModified":"2024-10-11T09:34:27+00:00","breadcrumb":{"@id":"https:\/\/kcf.se\/jobb\/kollegorna\/#breadcrumb"},"inLanguage":"sv-SE","potentialAction":[{"@type":"ReadAction","target":["https:\/\/kcf.se\/jobb\/kollegorna\/"]}]},{"@type":"BreadcrumbList","@id":"https:\/\/kcf.se\/jobb\/kollegorna\/#breadcrumb","itemListElement":[{"@type":"ListItem","position":1,"name":"Hem","item":"https:\/\/kcf.se\/jobb\/"},{"@type":"ListItem","position":2,"name":"M\u00f6t kollegorna"}]},{"@type":"WebSite","@id":"https:\/\/kcf.se\/jobb\/#website","url":"https:\/\/kcf.se\/jobb\/","name":"KCF - Jobba i v\u00e5r branch","description":"","potentialAction":[{"@type":"SearchAction","target":{"@type":"EntryPoint","urlTemplate":"https:\/\/kcf.se\/jobb\/?s={search_term_string}"},"query-input":{"@type":"PropertyValueSpecification","valueRequired":true,"valueName":"search_term_string"}}],"inLanguage":"sv-SE"}]}},"_links":{"self":[{"href":"https:\/\/www.kcf.se\/jobb\/wp-json\/wp\/v2\/pages\/14","targetHints":{"allow":["GET"]}}],"collection":[{"href":"https:\/\/www.kcf.se\/jobb\/wp-json\/wp\/v2\/pages"}],"about":[{"href":"https:\/\/www.kcf.se\/jobb\/wp-json\/wp\/v2\/types\/page"}],"author":[{"embeddable":true,"href":"https:\/\/www.kcf.se\/jobb\/wp-json\/wp\/v2\/users\/8"}],"replies":[{"embeddable":true,"href":"https:\/\/www.kcf.se\/jobb\/wp-json\/wp\/v2\/comments?post=14"}],"version-history":[{"count":44,"href":"https:\/\/www.kcf.se\/jobb\/wp-json\/wp\/v2\/pages\/14\/revisions"}],"predecessor-version":[{"id":1081,"href":"https:\/\/www.kcf.se\/jobb\/wp-json\/wp\/v2\/pages\/14\/revisions\/1081"}],"wp:attachment":[{"href":"https:\/\/www.kcf.se\/jobb\/wp-json\/wp\/v2\/media?parent=14"}],"curies":[{"name":"wp","href":"https:\/\/api.w.org\/{rel}","templated":true}]}}