{"id":579,"date":"2023-06-02T20:48:10","date_gmt":"2023-06-02T18:48:10","guid":{"rendered":"https:\/\/www.kcf.se\/jobb\/kollegorna\/"},"modified":"2023-08-22T13:27:13","modified_gmt":"2023-08-22T11:27:13","slug":"kollegorna","status":"publish","type":"page","link":"https:\/\/www.kcf.se\/jobb\/kollegorna\/?lang=en","title":{"rendered":"Meet our colleagues"},"content":{"rendered":"<div class=\"block-core-heading container\"><div class=\"row justify-content-md-center\"><div class=\"col-12 col-md-8\">\n<h1 class=\"wp-block-heading has-text-align-center\">Become one of us<\/h1>\n<\/div><\/div><\/div>\n\n<div class=\"block-core-paragraph container\"><div class=\"row justify-content-md-center\"><div class=\"col-12 col-md-8\">\n<p class=\"has-text-align-center\"><\/p>\n<\/div><\/div><\/div>\n\n<div class=\"c-blockVideo container-fluid \">\n    <div class=\"row justify-content-md-center\">\n        <div class=\"video-area col-12 col-md-8\">\n                            <div class=\"overlay\" style=\"background-image: url(https:\/\/www.kcf.se\/app\/uploads\/sites\/2\/2023\/06\/Ayub_Stillbild_1050-x-443-pxl.jpg)\">\n                    <div class=\"video-content\">\n                        <h2>Meet Ayub<\/h2>\n                        <button class=\"play-btn \"><img decoding=\"async\" src=\"https:\/\/www.kcf.se\/app\/themes\/kampanj\/dist\/images\/icon_play.svg?id=45472b60aaede96839ee89e6702f5014\"\n                                alt=\"Play icon\"><\/button>\n                    <\/div>\n                <\/div>\n            \n            <div class=\"embed-container\">\n                <iframe loading=\"lazy\" title=\"KCF \u2013 Ayub Mousa (Eng)\" width=\"640\" height=\"360\" src=\"https:\/\/www.youtube.com\/embed\/IHESQnBMugQ?feature=oembed&#038;cc_load_policy=1&#038;rel=0\" frameborder=\"0\" allow=\"accelerometer; autoplay; clipboard-write; encrypted-media; gyroscope; picture-in-picture; web-share\" referrerpolicy=\"strict-origin-when-cross-origin\" allowfullscreen><\/iframe>\n            <\/div>\n        <\/div>\n    <\/div>\n            <div class=\"row justify-content-md-center\">\n            <div class=\"video-area__textarea col-12 col-md-6\">\n                <h3 class=\"wp-block-heading has-text-align-center\">Ayub Mousa,<\/h3>\n<h4 class=\"wp-block-heading has-text-align-center\">Butcher at KLS<\/h4>\n<p>&nbsp;<\/p>\n<p><strong>Were you fluent in Swedish when you started working at KLS?<br \/>\n<\/strong>\u2013 No, I wasn\u2019t. I took Swedish lessons at SFI once a week when I first arrived in Sweden. But I learned most of my Swedish here, on the job.<\/p>\n<p><strong>What do you like most about your job?<br \/>\n<\/strong>\u2013 I\u2019m learning new things all the time and developing my skills. There are great opportunities for advancing at the company if that\u2019s what you want. My dream is to one day be the boss!<\/p>\n<p><strong>How did you get into this industry?<br \/>\n<\/strong>\u2013 I\u2019ve always been very interested in food and was curious about working in the industry. So, I applied for a job as an apprentice at KLS in Ugglarp and spent 5 months training.<\/p>\n<p>&nbsp;<\/p>\n\n            <\/div>\n        <\/div>\n    <\/div>\n\n\n<div class=\"c-blockVideo container-fluid \">\n    <div class=\"row justify-content-md-center\">\n        <div class=\"video-area col-12 col-md-8\">\n                            <div class=\"overlay\" style=\"background-image: url(https:\/\/www.kcf.se\/app\/uploads\/sites\/2\/2023\/06\/Chonlada_Stillbild_1050-x-443-pxl.jpg)\">\n                    <div class=\"video-content\">\n                        <h2>Meet Chonlada<\/h2>\n                        <button class=\"play-btn \"><img decoding=\"async\" src=\"https:\/\/www.kcf.se\/app\/themes\/kampanj\/dist\/images\/icon_play.svg?id=45472b60aaede96839ee89e6702f5014\"\n                                alt=\"Play icon\"><\/button>\n                    <\/div>\n                <\/div>\n            \n            <div class=\"embed-container\">\n                <iframe loading=\"lazy\" title=\"KCF \u2013 Chonlada Thongphot (eng)\" width=\"640\" height=\"360\" src=\"https:\/\/www.youtube.com\/embed\/qn8tC_9N_2Q?feature=oembed&#038;cc_load_policy=1&#038;rel=0\" frameborder=\"0\" allow=\"accelerometer; autoplay; clipboard-write; encrypted-media; gyroscope; picture-in-picture; web-share\" referrerpolicy=\"strict-origin-when-cross-origin\" allowfullscreen><\/iframe>\n            <\/div>\n        <\/div>\n    <\/div>\n            <div class=\"row justify-content-md-center\">\n            <div class=\"video-area__textarea col-12 col-md-6\">\n                <h3 style=\"text-align: center\">Chonlada Thongphot Zander,<\/h3>\n<h4 style=\"text-align: center\">Laundry worker at Gudruns<\/h4>\n<p>&nbsp;<\/p>\n<p><strong>How did you get a job at Gudruns?<br \/>\n<\/strong>\u2013 I got a tip from a friend that they needed someone at the laundry to manage and wash all the work clothes. So, I contacted Gudruns and submitted an application. I\u2019ve been working here since 2016.<\/p>\n<p><strong>Did you receive on-the-job training?<br \/>\n<\/strong>\u2013 Yes. I got a licence to drive a forklift. It was a 2-day course that involved both theory and driving. It worked out great and was a lot of fun!<\/p>\n<p><strong>What are the most important skills and personality traits for working in the meat industry?<br \/>\n<\/strong>\u2013 You need to be detail-oriented and committed. If you don\u2019t understand something, it\u2019s important to ask. There is always someone willing to explain and help you figure it out.<\/p>\n<p>&nbsp;<\/p>\n\n            <\/div>\n        <\/div>\n    <\/div>\n\n\n<div class=\"c-blockVideo container-fluid \">\n    <div class=\"row justify-content-md-center\">\n        <div class=\"video-area col-12 col-md-8\">\n                            <div class=\"overlay\" style=\"background-image: url(https:\/\/www.kcf.se\/app\/uploads\/sites\/2\/2023\/07\/peter_videothumbnail.jpg)\">\n                    <div class=\"video-content\">\n                        <h2>Meet Peter<\/h2>\n                        <button class=\"play-btn \"><img decoding=\"async\" src=\"https:\/\/www.kcf.se\/app\/themes\/kampanj\/dist\/images\/icon_play.svg?id=45472b60aaede96839ee89e6702f5014\"\n                                alt=\"Play icon\"><\/button>\n                    <\/div>\n                <\/div>\n            \n            <div class=\"embed-container\">\n                <iframe loading=\"lazy\" title=\"KCF \u2013 Peter Beniyamin (eng)\" width=\"640\" height=\"360\" src=\"https:\/\/www.youtube.com\/embed\/NdHJyK_NlwU?feature=oembed&#038;cc_load_policy=1&#038;rel=0\" frameborder=\"0\" allow=\"accelerometer; autoplay; clipboard-write; encrypted-media; gyroscope; picture-in-picture; web-share\" referrerpolicy=\"strict-origin-when-cross-origin\" allowfullscreen><\/iframe>\n            <\/div>\n        <\/div>\n    <\/div>\n            <div class=\"row justify-content-md-center\">\n            <div class=\"video-area__textarea col-12 col-md-6\">\n                <h3 style=\"text-align: center\">Peter Beniyamin,<\/h3>\n<h4 style=\"text-align: center\">Production line manager at Hilton Foods<\/h4>\n<p>&nbsp;<\/p>\n<p><strong>What is your role at Hilton Foods?<\/strong><br \/>\n\u2013 I\u2019m a production line manager for Team Sliced, with responsibility for around 80 people year round. We slice all the meat \u2013 chops, sirloin, fillet of beef and flank steak. We also make the minced meat and burgers.<\/p>\n<p><strong>What do you like most about working in this industry?<\/strong><br \/>\n\u2013 I like that you can grow and develop as a person if you want to. We always work in teams too, with different types of people, which I really like!<\/p>\n<p><strong>What has your journey been like at Hilton Foods?<\/strong><br \/>\n\u2013 After high school, I didn\u2019t know what I wanted to do. But I wanted to work and earn some money. I applied for a job at Hilton Foods and I\u2019ve now been working here for 18 years. I really like it!<\/p>\n<p>&nbsp;<\/p>\n\n            <\/div>\n        <\/div>\n    <\/div>\n\n\n<div class=\"c-buttons\" style=\"background-color: unset\">\n    <div class=\"container\">\n        <div class=\"row justify-content-md-center\">\n            <div class=\"button-container col-12 col-md-8\">\n                                                                                        <a href=\"https:\/\/www.kcf.se\/jobb\/vagen-till-jobb\/?lang=en\" target=\"\"\n                                class=\"theme-btn\">The path to employment<\/a>\n                                                                                                <a href=\"https:\/\/www.kcf.se\/jobb\/har-finns-jobben\/?lang=en\" target=\"\"\n                                class=\"theme-btn\">Where the jobs are<\/a>\n                                                                        <\/div>\n        <\/div>\n    <\/div>\n<\/div>\n","protected":false},"excerpt":{"rendered":"<p>Become one of us<\/p>\n","protected":false},"author":8,"featured_media":0,"parent":0,"menu_order":0,"comment_status":"closed","ping_status":"closed","template":"","meta":{"_acf_changed":false,"inline_featured_image":false,"footnotes":""},"class_list":["post-579","page","type-page","status-publish","hentry"],"acf":[],"yoast_head":"<!-- This site is optimized with the Yoast SEO plugin v24.1 - https:\/\/yoast.com\/wordpress\/plugins\/seo\/ -->\n<title>Meet our colleagues - KCF - Jobba i v\u00e5r branch<\/title>\n<meta name=\"robots\" content=\"index, follow, max-snippet:-1, max-image-preview:large, max-video-preview:-1\" \/>\n<link rel=\"canonical\" href=\"https:\/\/kcf.se\/jobb\/kollegorna\/?lang=en\" \/>\n<meta property=\"og:locale\" content=\"sv_SE\" \/>\n<meta property=\"og:type\" content=\"article\" \/>\n<meta property=\"og:title\" content=\"Meet our colleagues - KCF - Jobba i v\u00e5r branch\" \/>\n<meta property=\"og:description\" content=\"Become one of us\" \/>\n<meta property=\"og:url\" content=\"https:\/\/kcf.se\/jobb\/kollegorna\/?lang=en\" \/>\n<meta property=\"og:site_name\" content=\"KCF - Jobba i v\u00e5r branch\" \/>\n<meta property=\"article:modified_time\" content=\"2023-08-22T11:27:13+00:00\" \/>\n<meta name=\"twitter:card\" content=\"summary_large_image\" \/>\n<meta name=\"twitter:label1\" content=\"Ber\u00e4knad l\u00e4stid\" \/>\n\t<meta name=\"twitter:data1\" content=\"1 minut\" \/>\n<script type=\"application\/ld+json\" class=\"yoast-schema-graph\">{\"@context\":\"https:\/\/schema.org\",\"@graph\":[{\"@type\":\"WebPage\",\"@id\":\"https:\/\/kcf.se\/jobb\/kollegorna\/?lang=en\",\"url\":\"https:\/\/kcf.se\/jobb\/kollegorna\/?lang=en\",\"name\":\"Meet our colleagues - KCF - Jobba i v\u00e5r branch\",\"isPartOf\":{\"@id\":\"https:\/\/kcf.se\/jobb\/#website\"},\"datePublished\":\"2023-06-02T18:48:10+00:00\",\"dateModified\":\"2023-08-22T11:27:13+00:00\",\"breadcrumb\":{\"@id\":\"https:\/\/kcf.se\/jobb\/kollegorna\/?lang=en#breadcrumb\"},\"inLanguage\":\"sv-SE\",\"potentialAction\":[{\"@type\":\"ReadAction\",\"target\":[\"https:\/\/kcf.se\/jobb\/kollegorna\/?lang=en\"]}]},{\"@type\":\"BreadcrumbList\",\"@id\":\"https:\/\/kcf.se\/jobb\/kollegorna\/?lang=en#breadcrumb\",\"itemListElement\":[{\"@type\":\"ListItem\",\"position\":1,\"name\":\"Hem\",\"item\":\"https:\/\/kcf.se\/jobb\/\"},{\"@type\":\"ListItem\",\"position\":2,\"name\":\"Meet our colleagues\"}]},{\"@type\":\"WebSite\",\"@id\":\"https:\/\/kcf.se\/jobb\/#website\",\"url\":\"https:\/\/kcf.se\/jobb\/\",\"name\":\"KCF - Jobba i v\u00e5r branch\",\"description\":\"\",\"potentialAction\":[{\"@type\":\"SearchAction\",\"target\":{\"@type\":\"EntryPoint\",\"urlTemplate\":\"https:\/\/kcf.se\/jobb\/?s={search_term_string}\"},\"query-input\":{\"@type\":\"PropertyValueSpecification\",\"valueRequired\":true,\"valueName\":\"search_term_string\"}}],\"inLanguage\":\"sv-SE\"}]}<\/script>\n<!-- \/ Yoast SEO plugin. -->","yoast_head_json":{"title":"Meet our colleagues - KCF - Jobba i v\u00e5r branch","robots":{"index":"index","follow":"follow","max-snippet":"max-snippet:-1","max-image-preview":"max-image-preview:large","max-video-preview":"max-video-preview:-1"},"canonical":"https:\/\/kcf.se\/jobb\/kollegorna\/?lang=en","og_locale":"sv_SE","og_type":"article","og_title":"Meet our colleagues - KCF - Jobba i v\u00e5r branch","og_description":"Become one of us","og_url":"https:\/\/kcf.se\/jobb\/kollegorna\/?lang=en","og_site_name":"KCF - Jobba i v\u00e5r branch","article_modified_time":"2023-08-22T11:27:13+00:00","twitter_card":"summary_large_image","twitter_misc":{"Ber\u00e4knad l\u00e4stid":"1 minut"},"schema":{"@context":"https:\/\/schema.org","@graph":[{"@type":"WebPage","@id":"https:\/\/kcf.se\/jobb\/kollegorna\/?lang=en","url":"https:\/\/kcf.se\/jobb\/kollegorna\/?lang=en","name":"Meet our colleagues - KCF - Jobba i v\u00e5r branch","isPartOf":{"@id":"https:\/\/kcf.se\/jobb\/#website"},"datePublished":"2023-06-02T18:48:10+00:00","dateModified":"2023-08-22T11:27:13+00:00","breadcrumb":{"@id":"https:\/\/kcf.se\/jobb\/kollegorna\/?lang=en#breadcrumb"},"inLanguage":"sv-SE","potentialAction":[{"@type":"ReadAction","target":["https:\/\/kcf.se\/jobb\/kollegorna\/?lang=en"]}]},{"@type":"BreadcrumbList","@id":"https:\/\/kcf.se\/jobb\/kollegorna\/?lang=en#breadcrumb","itemListElement":[{"@type":"ListItem","position":1,"name":"Hem","item":"https:\/\/kcf.se\/jobb\/"},{"@type":"ListItem","position":2,"name":"Meet our colleagues"}]},{"@type":"WebSite","@id":"https:\/\/kcf.se\/jobb\/#website","url":"https:\/\/kcf.se\/jobb\/","name":"KCF - Jobba i v\u00e5r branch","description":"","potentialAction":[{"@type":"SearchAction","target":{"@type":"EntryPoint","urlTemplate":"https:\/\/kcf.se\/jobb\/?s={search_term_string}"},"query-input":{"@type":"PropertyValueSpecification","valueRequired":true,"valueName":"search_term_string"}}],"inLanguage":"sv-SE"}]}},"_links":{"self":[{"href":"https:\/\/www.kcf.se\/jobb\/wp-json\/wp\/v2\/pages\/579","targetHints":{"allow":["GET"]}}],"collection":[{"href":"https:\/\/www.kcf.se\/jobb\/wp-json\/wp\/v2\/pages"}],"about":[{"href":"https:\/\/www.kcf.se\/jobb\/wp-json\/wp\/v2\/types\/page"}],"author":[{"embeddable":true,"href":"https:\/\/www.kcf.se\/jobb\/wp-json\/wp\/v2\/users\/8"}],"replies":[{"embeddable":true,"href":"https:\/\/www.kcf.se\/jobb\/wp-json\/wp\/v2\/comments?post=579"}],"version-history":[{"count":27,"href":"https:\/\/www.kcf.se\/jobb\/wp-json\/wp\/v2\/pages\/579\/revisions"}],"predecessor-version":[{"id":880,"href":"https:\/\/www.kcf.se\/jobb\/wp-json\/wp\/v2\/pages\/579\/revisions\/880"}],"wp:attachment":[{"href":"https:\/\/www.kcf.se\/jobb\/wp-json\/wp\/v2\/media?parent=579"}],"curies":[{"name":"wp","href":"https:\/\/api.w.org\/{rel}","templated":true}]}}